{"id":1175,"date":"2026-02-01T14:04:14","date_gmt":"2026-02-01T14:04:14","guid":{"rendered":"https:\/\/lisa.staging-dev.ca\/process\/"},"modified":"2026-04-15T18:13:58","modified_gmt":"2026-04-15T18:13:58","slug":"deroulement","status":"publish","type":"page","link":"https:\/\/lisa.staging-dev.ca\/fr\/deroulement\/","title":{"rendered":"D\u00e9roulement"},"content":{"rendered":"<p>[et_pb_section fb_built=\u00a0\u00bb1&Prime; _builder_version=\u00a0\u00bb4.27.5&Prime; _module_preset=\u00a0\u00bbdefault\u00a0\u00bb background_color=\u00a0\u00bb#41738C\u00a0\u00bb global_colors_info=\u00a0\u00bb{}\u00a0\u00bb][et_pb_row column_structure=\u00a0\u00bb1_2,1_2&Prime; make_equal=\u00a0\u00bbon\u00a0\u00bb _builder_version=\u00a0\u00bb4.27.6&Prime; _module_preset=\u00a0\u00bbdefault\u00a0\u00bb global_colors_info=\u00a0\u00bb{}\u00a0\u00bb][et_pb_column type=\u00a0\u00bb1_2&Prime; _builder_version=\u00a0\u00bb4.27.6&Prime; _module_preset=\u00a0\u00bbdefault\u00a0\u00bb custom_padding=\u00a0\u00bb|0px||0px|false|true\u00a0\u00bb custom_css_main_element=\u00a0\u00bbdisplay: flex;||flex-direction: column;||justify-content: center;\u00a0\u00bb global_colors_info=\u00a0\u00bb{}\u00a0\u00bb][et_pb_text _builder_version=\u00a0\u00bb4.27.6&Prime; _module_preset=\u00a0\u00bbdefault\u00a0\u00bb text_text_color=\u00a0\u00bb#F2F0EA\u00a0\u00bb text_font_size=\u00a0\u00bb18px\u00a0\u00bb text_line_height=\u00a0\u00bb1.4em\u00a0\u00bb header_text_color=\u00a0\u00bb#D2C77F\u00a0\u00bb max_width=\u00a0\u00bb768px\u00a0\u00bb module_alignment=\u00a0\u00bbleft\u00a0\u00bb custom_margin=\u00a0\u00bb|0px||0px|false|true\u00a0\u00bb custom_padding=\u00a0\u00bb|0px||0px|false|true\u00a0\u00bb global_colors_info=\u00a0\u00bb{}\u00a0\u00bb]<\/p>\n<h1>D\u00e9roulement : \u00e0 quoi vous attendre<\/h1>\n<p>Chaque dossier est unique, mais le processus demeure clair. Voici les \u00e9tapes que nous suivrons ensemble.<\/p>\n<p>[\/et_pb_text][\/et_pb_column][et_pb_column type=\u00a0\u00bb1_2&Prime; _builder_version=\u00a0\u00bb4.27.6&Prime; _module_preset=\u00a0\u00bbdefault\u00a0\u00bb custom_css_main_element=\u00a0\u00bbdisplay: flex;||flex-direction: column;||justify-content: center;\u00a0\u00bb global_colors_info=\u00a0\u00bb{}\u00a0\u00bb][et_pb_image src=\u00a0\u00bbhttps:\/\/lisa.staging-dev.ca\/wp-content\/uploads\/2026\/03\/Divorce-Lawyer-Montreal.jpeg\u00a0\u00bb alt=\u00a0\u00bbDivorce Lawyer Montreal\u00a0\u00bb _builder_version=\u00a0\u00bb4.27.6&Prime; _module_preset=\u00a0\u00bbdefault\u00a0\u00bb border_radii=\u00a0\u00bbon|10px|10px|10px|10px\u00a0\u00bb locked=\u00a0\u00bboff\u00a0\u00bb global_colors_info=\u00a0\u00bb{}\u00a0\u00bb][\/et_pb_image][\/et_pb_column][\/et_pb_row][\/et_pb_section][et_pb_section fb_built=\u00a0\u00bb1&Prime; _builder_version=\u00a0\u00bb4.27.5&Prime; _module_preset=\u00a0\u00bbdefault\u00a0\u00bb global_colors_info=\u00a0\u00bb{}\u00a0\u00bb][et_pb_row column_structure=\u00a0\u00bb1_3,2_3&Prime; _builder_version=\u00a0\u00bb4.27.6&Prime; _module_preset=\u00a0\u00bbdefault\u00a0\u00bb global_colors_info=\u00a0\u00bb{}\u00a0\u00bb][et_pb_column type=\u00a0\u00bb1_3&Prime; _builder_version=\u00a0\u00bb4.27.6&Prime; _module_preset=\u00a0\u00bbdefault\u00a0\u00bb sticky_position=\u00a0\u00bbtop\u00a0\u00bb sticky_offset_top=\u00a0\u00bb20px\u00a0\u00bb sticky_limit_bottom=\u00a0\u00bbrow\u00a0\u00bb sticky_position_tablet=\u00a0\u00bbnone\u00a0\u00bb sticky_position_phone=\u00a0\u00bbnone\u00a0\u00bb sticky_position_last_edited=\u00a0\u00bbon|phone\u00a0\u00bb global_colors_info=\u00a0\u00bb{}\u00a0\u00bb][et_pb_text admin_label=\u00a0\u00bbM\u00e9diation familiale\u00a0\u00bb _builder_version=\u00a0\u00bb4.27.6&Prime; _module_preset=\u00a0\u00bbdefault\u00a0\u00bb text_font=\u00a0\u00bb||||||||\u00a0\u00bb text_font_size=\u00a0\u00bb17px\u00a0\u00bb text_line_height=\u00a0\u00bb1.4em\u00a0\u00bb ol_font_size=\u00a0\u00bb17px\u00a0\u00bb header_2_font_size=\u00a0\u00bb50px\u00a0\u00bb global_colors_info=\u00a0\u00bb{}\u00a0\u00bb]<\/p>\n<h2>M\u00e9diation familiale<\/h2>\n<p>[\/et_pb_text][\/et_pb_column][et_pb_column type=\u00a0\u00bb2_3&Prime; _builder_version=\u00a0\u00bb4.27.5&Prime; _module_preset=\u00a0\u00bbdefault\u00a0\u00bb global_colors_info=\u00a0\u00bb{}\u00a0\u00bb][et_pb_text _builder_version=\u00a0\u00bb4.27.6&Prime; _module_preset=\u00a0\u00bbdefault\u00a0\u00bb text_font=\u00a0\u00bb||||||||\u00a0\u00bb text_font_size=\u00a0\u00bb17px\u00a0\u00bb text_line_height=\u00a0\u00bb1.4em\u00a0\u00bb link_font=\u00a0\u00bb|700|||||||\u00a0\u00bb link_text_color=\u00a0\u00bb#41738C\u00a0\u00bb ol_font_size=\u00a0\u00bb17px\u00a0\u00bb global_colors_info=\u00a0\u00bb{}\u00a0\u00bb]<\/p>\n<ol>\n<li>Vous et\/ou votre ancien partenaire communiquez avec moi <a href=\"https:\/\/lisa.staging-dev.ca\/fr\/contact\/\">ici<\/a>. Je vous r\u00e9pondrai dans un d\u00e9lai de 2 jours ouvrables.<\/li>\n<li>Chaque partie remplit un formulaire d\u2019inscription.<\/li>\n<li>J\u2019aurai un appel avec chaque partie pour v\u00e9rifier si votre situation se pr\u00eate \u00e0 la m\u00e9diation familiale.<\/li>\n<li>Nous fixerons ensuite un premier rendez-vous, en personne ou \u00e0 distance. Lors de cette rencontre, nous r\u00e9viserons et signerons le contrat de m\u00e9diation.<\/li>\n<li>Vous aurez ensuite certains documents \u00e0 r\u00e9unir et \u00e0 \u00e9changer entre les s\u00e9ances de m\u00e9diation.<\/li>\n<li>Nous tiendrons plusieurs rencontres afin de parvenir \u00e0 une entente satisfaisante sur les diff\u00e9rents aspects de votre s\u00e9paration.<\/li>\n<li>Si vous vous entendez sur certains ou sur tous les points, je vous remettrai un r\u00e9sum\u00e9 des ententes pour votre examen et approbation.<\/li>\n<\/ol>\n<p>\u00c9tapes possibles par la suite (voir la section suivante, \u00e0 compter de l\u2019\u00e9tape 4) : je peux pr\u00e9parer pour vous une demande conjointe \u00e0 tarif fixe si :<\/p>\n<p>&nbsp;<\/p>\n<ol>\n<li style=\"list-style-type: none;\">\n<ol>\n<li style=\"font-weight: 400;\" aria-level=\"2\">Vous \u00eates mari\u00e9s et souhaitez obtenir un jugement de divorce;<\/li>\n<li style=\"font-weight: 400;\" aria-level=\"2\">Vous n\u2019\u00eates pas mari\u00e9s, mais souhaitez obtenir un jugement;<\/li>\n<li style=\"font-weight: 400;\" aria-level=\"2\">Vous souhaitez modifier le jugement actuellement en vigueur.<\/li>\n<\/ol>\n<\/li>\n<\/ol>\n<p>[\/et_pb_text][\/et_pb_column][\/et_pb_row][\/et_pb_section][et_pb_section fb_built=\u00a0\u00bb1&Prime; _builder_version=\u00a0\u00bb4.27.5&Prime; _module_preset=\u00a0\u00bbdefault\u00a0\u00bb background_color=\u00a0\u00bb#71B1C8&Prime; global_colors_info=\u00a0\u00bb{}\u00a0\u00bb][et_pb_row column_structure=\u00a0\u00bb1_3,2_3&Prime; _builder_version=\u00a0\u00bb4.27.6&Prime; _module_preset=\u00a0\u00bbdefault\u00a0\u00bb global_colors_info=\u00a0\u00bb{}\u00a0\u00bb][et_pb_column type=\u00a0\u00bb1_3&Prime; _builder_version=\u00a0\u00bb4.27.6&Prime; _module_preset=\u00a0\u00bbdefault\u00a0\u00bb sticky_position=\u00a0\u00bbtop\u00a0\u00bb sticky_offset_top=\u00a0\u00bb20px\u00a0\u00bb sticky_limit_bottom=\u00a0\u00bbrow\u00a0\u00bb sticky_position_tablet=\u00a0\u00bbnone\u00a0\u00bb sticky_position_phone=\u00a0\u00bbnone\u00a0\u00bb sticky_position_last_edited=\u00a0\u00bbon|phone\u00a0\u00bb global_colors_info=\u00a0\u00bb{}\u00a0\u00bb][et_pb_text admin_label=\u00a0\u00bbDemandes conjointes\u00a0\u00bb _builder_version=\u00a0\u00bb4.27.6&Prime; _module_preset=\u00a0\u00bbdefault\u00a0\u00bb text_font=\u00a0\u00bb||||||||\u00a0\u00bb text_font_size=\u00a0\u00bb17px\u00a0\u00bb text_line_height=\u00a0\u00bb1.4em\u00a0\u00bb ol_font_size=\u00a0\u00bb17px\u00a0\u00bb header_2_text_color=\u00a0\u00bb#D2C77F\u00a0\u00bb header_2_font_size=\u00a0\u00bb50px\u00a0\u00bb global_colors_info=\u00a0\u00bb{}\u00a0\u00bb]<\/p>\n<h2>Demandes conjointes<\/h2>\n<p>[\/et_pb_text][\/et_pb_column][et_pb_column type=\u00a0\u00bb2_3&Prime; _builder_version=\u00a0\u00bb4.27.5&Prime; _module_preset=\u00a0\u00bbdefault\u00a0\u00bb global_colors_info=\u00a0\u00bb{}\u00a0\u00bb][et_pb_text _builder_version=\u00a0\u00bb4.27.6&Prime; _module_preset=\u00a0\u00bbdefault\u00a0\u00bb text_font=\u00a0\u00bb||||||||\u00a0\u00bb text_font_size=\u00a0\u00bb17px\u00a0\u00bb text_line_height=\u00a0\u00bb1.4em\u00a0\u00bb link_font=\u00a0\u00bb|700|||||||\u00a0\u00bb ol_font_size=\u00a0\u00bb17px\u00a0\u00bb header_2_text_color=\u00a0\u00bb#D2C77F\u00a0\u00bb background_layout=\u00a0\u00bbdark\u00a0\u00bb global_colors_info=\u00a0\u00bb{}\u00a0\u00bb]<\/p>\n<ol>\n<li>Vous et\/ou votre ancien partenaire communiquez avec moi <a href=\"https:\/\/lisa.staging-dev.ca\/fr\/contact\/\">ici<\/a>. Je vous r\u00e9pondrai dans un d\u00e9lai de 2 jours ouvrables.<\/li>\n<li>Vous remplirez un formulaire d\u2019inscription.<\/li>\n<li>Nous conviendrons ensuite d\u2019un rendez-vous, en personne ou \u00e0 distance.<\/li>\n<li>Il vous sera demand\u00e9 de pr\u00e9parer et de transmettre divers documents tant \u00e0 moi qu\u2019\u00e0 l\u2019autre partie.<\/li>\n<li>Je r\u00e9digerai votre demande conjointe ainsi que les documents connexes, puis vous les transmettrai pour r\u00e9vision.<\/li>\n<li>Une fois les documents approuv\u00e9s, vous aurez un rendez-vous, en personne ou \u00e0 distance, afin de les signer devant un commissaire \u00e0 l\u2019assermentation.<\/li>\n<li>Je d\u00e9poserai ensuite votre demande conjointe et les documents connexes \u00e0 la Cour sup\u00e9rieure.<\/li>\n<li>Je communiquerai avec vous pour vous transmettre soit un suivi du tribunal, soit le jugement final.<\/li>\n<\/ol>\n<p>[\/et_pb_text][\/et_pb_column][\/et_pb_row][\/et_pb_section][et_pb_section fb_built=\u00a0\u00bb1&Prime; _builder_version=\u00a0\u00bb4.27.5&Prime; _module_preset=\u00a0\u00bbdefault\u00a0\u00bb global_colors_info=\u00a0\u00bb{}\u00a0\u00bb][et_pb_row column_structure=\u00a0\u00bb1_3,2_3&Prime; _builder_version=\u00a0\u00bb4.27.6&Prime; _module_preset=\u00a0\u00bbdefault\u00a0\u00bb global_colors_info=\u00a0\u00bb{}\u00a0\u00bb][et_pb_column type=\u00a0\u00bb1_3&Prime; _builder_version=\u00a0\u00bb4.27.6&Prime; _module_preset=\u00a0\u00bbdefault\u00a0\u00bb sticky_position=\u00a0\u00bbtop\u00a0\u00bb sticky_offset_top=\u00a0\u00bb20px\u00a0\u00bb sticky_limit_bottom=\u00a0\u00bbrow\u00a0\u00bb sticky_position_tablet=\u00a0\u00bbnone\u00a0\u00bb sticky_position_phone=\u00a0\u00bbnone\u00a0\u00bb sticky_position_last_edited=\u00a0\u00bbon|desktop\u00a0\u00bb global_colors_info=\u00a0\u00bb{}\u00a0\u00bb][et_pb_text admin_label=\u00a0\u00bbDroit collaboratif\u00a0\u00bb _builder_version=\u00a0\u00bb4.27.6&Prime; _module_preset=\u00a0\u00bbdefault\u00a0\u00bb text_font=\u00a0\u00bb||||||||\u00a0\u00bb text_font_size=\u00a0\u00bb17px\u00a0\u00bb text_line_height=\u00a0\u00bb1.4em\u00a0\u00bb ol_font_size=\u00a0\u00bb17px\u00a0\u00bb header_2_font_size=\u00a0\u00bb50px\u00a0\u00bb global_colors_info=\u00a0\u00bb{}\u00a0\u00bb]<\/p>\n<h2>Droit collaboratif<\/h2>\n<p>[\/et_pb_text][\/et_pb_column][et_pb_column type=\u00a0\u00bb2_3&Prime; _builder_version=\u00a0\u00bb4.27.5&Prime; _module_preset=\u00a0\u00bbdefault\u00a0\u00bb global_colors_info=\u00a0\u00bb{}\u00a0\u00bb][et_pb_text _builder_version=\u00a0\u00bb4.27.6&Prime; _module_preset=\u00a0\u00bbdefault\u00a0\u00bb text_font=\u00a0\u00bb||||||||\u00a0\u00bb text_font_size=\u00a0\u00bb17px\u00a0\u00bb text_line_height=\u00a0\u00bb1.4em\u00a0\u00bb link_font=\u00a0\u00bb|700|||||||\u00a0\u00bb link_text_color=\u00a0\u00bb#41738C\u00a0\u00bb ol_font_size=\u00a0\u00bb17px\u00a0\u00bb hover_enabled=\u00a0\u00bb0&Prime; global_colors_info=\u00a0\u00bb{}\u00a0\u00bb sticky_enabled=\u00a0\u00bb0&Prime;]<\/p>\n<ol>\n<li>Vous communiquez avec moi <a href=\"https:\/\/lisa.staging-dev.ca\/fr\/contact\/\">ici<\/a>. Je vous r\u00e9pondrai dans un d\u00e9lai de 2 jours ouvrables.<\/li>\n<li>Vous remplirez un formulaire d\u2019inscription.<\/li>\n<li>Nous fixerons ensuite un rendez-vous, en personne ou \u00e0 distance.<\/li>\n<li>Si votre ancien partenaire n\u2019est pas encore repr\u00e9sent\u00e9 par un avocat en droit collaboratif, nous lui transmettrons une lettre l\u2019invitant \u00e0 participer au processus collaboratif et lui fournirons des r\u00e9f\u00e9rences d\u2019avocats qui pratiquent le droit collaboratif.<\/li>\n<li>Si votre ancien partenaire accepte de participer au processus collaboratif et retient les services d\u2019un avocat, les avocats discuteront des principaux int\u00e9r\u00eats et priorit\u00e9s de leurs clients respectifs.<\/li>\n<li>Une premi\u00e8re rencontre de collaboration \u00e0 quatre aura lieu avec les deux anciens partenaires et leurs avocats respectifs, et l\u2019entente de participation sera sign\u00e9e.<\/li>\n<li>Je vous rencontrerai pour vous pr\u00e9parer avant chaque rencontre de collaboration.<\/li>\n<li>Nous tiendrons une ou plusieurs rencontres de n\u00e9gociation collaborative et confirmerons par \u00e9crit chacun des points sur lesquels les parties s\u2019entendront.<\/li>\n<li>L\u2019entente finale sera r\u00e9dig\u00e9e et sign\u00e9e par toutes les parties.<\/li>\n<li>Le cas \u00e9ch\u00e9ant, par exemple, dans le cas d\u2019une demande conjointe en divorce, les avocats pr\u00e9pareront une demande conjointe qui sera d\u00e9pos\u00e9e au tribunal afin d\u2019obtenir un jugement final.<\/li>\n<\/ol>\n<p>[\/et_pb_text][\/et_pb_column][\/et_pb_row][\/et_pb_section]<\/p>\n","protected":false},"excerpt":{"rendered":"<p>D\u00e9roulement : \u00e0 quoi vous attendre Chaque dossier est unique, mais le processus demeure clair. Voici les \u00e9tapes que nous suivrons ensemble.M\u00e9diation familiale Vous et\/ou votre ancien partenaire communiquez avec moi ici. Je vous r\u00e9pondrai dans un d\u00e9lai de 2 jours ouvrables. Chaque partie remplit un formulaire d\u2019inscription. J\u2019aurai un appel avec chaque partie pour [&hellip;]<\/p>\n","protected":false},"author":1,"featured_media":0,"parent":0,"menu_order":0,"comment_status":"closed","ping_status":"closed","template":"","meta":{"_et_pb_use_builder":"on","_et_pb_old_content":"","_et_gb_content_width":"","footnotes":""},"class_list":["post-1175","page","type-page","status-publish","hentry"],"_links":{"self":[{"href":"https:\/\/lisa.staging-dev.ca\/fr\/wp-json\/wp\/v2\/pages\/1175","targetHints":{"allow":["GET"]}}],"collection":[{"href":"https:\/\/lisa.staging-dev.ca\/fr\/wp-json\/wp\/v2\/pages"}],"about":[{"href":"https:\/\/lisa.staging-dev.ca\/fr\/wp-json\/wp\/v2\/types\/page"}],"author":[{"embeddable":true,"href":"https:\/\/lisa.staging-dev.ca\/fr\/wp-json\/wp\/v2\/users\/1"}],"replies":[{"embeddable":true,"href":"https:\/\/lisa.staging-dev.ca\/fr\/wp-json\/wp\/v2\/comments?post=1175"}],"version-history":[{"count":7,"href":"https:\/\/lisa.staging-dev.ca\/fr\/wp-json\/wp\/v2\/pages\/1175\/revisions"}],"predecessor-version":[{"id":1498,"href":"https:\/\/lisa.staging-dev.ca\/fr\/wp-json\/wp\/v2\/pages\/1175\/revisions\/1498"}],"wp:attachment":[{"href":"https:\/\/lisa.staging-dev.ca\/fr\/wp-json\/wp\/v2\/media?parent=1175"}],"curies":[{"name":"wp","href":"https:\/\/api.w.org\/{rel}","templated":true}]}}